{"id":65,"date":"2025-05-11T15:58:58","date_gmt":"2025-05-11T13:58:58","guid":{"rendered":"http:\/\/setkowicz.eu\/?page_id=65"},"modified":"2026-02-01T12:52:59","modified_gmt":"2026-02-01T11:52:59","slug":"strona-glowna","status":"publish","type":"page","link":"https:\/\/setkowicz.eu\/","title":{"rendered":"Strona g\u0142\u00f3wna"},"content":{"rendered":"\t\t<div data-elementor-type=\"wp-page\" data-elementor-id=\"65\" class=\"elementor elementor-65\">\n\t\t\t\t<div class=\"elementor-element elementor-element-05258d3 e-grid e-con-boxed e-con e-parent\" data-id=\"05258d3\" data-element_type=\"container\">\n\t\t\t\t\t<div class=\"e-con-inner\">\n\t\t\t\t<div class=\"elementor-element elementor-element-526a877 elementor-align-center animated-slow elementor-invisible elementor-widget elementor-widget-button\" data-id=\"526a877\" data-element_type=\"widget\" data-settings=\"{&quot;_animation&quot;:&quot;fadeIn&quot;,&quot;_animation_delay&quot;:2000}\" data-widget_type=\"button.default\">\n\t\t\t\t<div class=\"elementor-widget-container\">\n\t\t\t\t\t\t\t\t\t<div class=\"elementor-button-wrapper\">\n\t\t\t\t\t<a class=\"elementor-button elementor-button-link elementor-size-sm elementor-animation-grow\" href=\"?page_id=2\">\n\t\t\t\t\t\t<span class=\"elementor-button-content-wrapper\">\n\t\t\t\t\t\t\t\t\t<span class=\"elementor-button-text\">ARTYKU\u0141Y<\/span>\n\t\t\t\t\t<\/span>\n\t\t\t\t\t<\/a>\n\t\t\t\t<\/div>\n\t\t\t\t\t\t\t\t<\/div>\n\t\t\t\t<\/div>\n\t\t\t\t<div class=\"elementor-element elementor-element-5d095f7 elementor-button-info elementor-align-center animated-slow elementor-invisible elementor-widget elementor-widget-button\" data-id=\"5d095f7\" data-element_type=\"widget\" data-settings=\"{&quot;_animation&quot;:&quot;fadeIn&quot;,&quot;_animation_delay&quot;:2000}\" data-widget_type=\"button.default\">\n\t\t\t\t<div class=\"elementor-widget-container\">\n\t\t\t\t\t\t\t\t\t<div class=\"elementor-button-wrapper\">\n\t\t\t\t\t<a class=\"elementor-button elementor-button-link elementor-size-sm elementor-animation-grow\" href=\"#\">\n\t\t\t\t\t\t<span class=\"elementor-button-content-wrapper\">\n\t\t\t\t\t\t\t\t\t<span class=\"elementor-button-text\">KONTAKT<\/span>\n\t\t\t\t\t<\/span>\n\t\t\t\t\t<\/a>\n\t\t\t\t<\/div>\n\t\t\t\t\t\t\t\t<\/div>\n\t\t\t\t<\/div>\n\t\t\t\t\t<\/div>\n\t\t\t\t<\/div>\n\t\t<div class=\"elementor-element elementor-element-e12eb6e e-con-full e-flex e-con e-parent\" data-id=\"e12eb6e\" data-element_type=\"container\">\n\t\t\t\t<div class=\"elementor-element elementor-element-250b176 animated-slow elementor-invisible elementor-widget elementor-widget-heading\" data-id=\"250b176\" data-element_type=\"widget\" data-settings=\"{&quot;_animation&quot;:&quot;fadeIn&quot;,&quot;_animation_delay&quot;:2000}\" data-widget_type=\"heading.default\">\n\t\t\t\t<div class=\"elementor-widget-container\">\n\t\t\t\t\t<h2 class=\"elementor-heading-title elementor-size-default\">SETKOWICZ HOLDING<\/h2>\t\t\t\t<\/div>\n\t\t\t\t<\/div>\n\t\t\t\t<div class=\"elementor-element elementor-element-8fcb2f8 animated-slow elementor-invisible elementor-widget elementor-widget-image\" data-id=\"8fcb2f8\" data-element_type=\"widget\" data-settings=\"{&quot;_animation&quot;:&quot;zoomIn&quot;,&quot;_animation_delay&quot;:200}\" data-widget_type=\"image.default\">\n\t\t\t\t<div class=\"elementor-widget-container\">\n\t\t\t\t\t\t\t\t\t\t\t\t\t\t\t<img fetchpriority=\"high\" decoding=\"async\" width=\"384\" height=\"374\" src=\"http:\/\/setkowicz.eu\/wp-content\/uploads\/2025\/05\/Herb1.png\" class=\"elementor-animation-grow attachment-ocean-thumb-m size-ocean-thumb-m wp-image-105\" alt=\"\" srcset=\"http:\/\/setkowicz.eu\/wp-content\/uploads\/2025\/05\/Herb1.png 384w, http:\/\/setkowicz.eu\/wp-content\/uploads\/2025\/05\/Herb1-300x292.png 300w\" sizes=\"(max-width: 384px) 100vw, 384px\" \/>\t\t\t\t\t\t\t\t\t\t\t\t\t\t\t<\/div>\n\t\t\t\t<\/div>\n\t\t\t\t<\/div>\n\t\t\t\t<\/div>\n\t\t","protected":false},"excerpt":{"rendered":"<p>ARTYKU\u0141Y KONTAKT SETKOWICZ HOLDING<\/p>\n","protected":false},"author":1,"featured_media":0,"parent":0,"menu_order":0,"comment_status":"closed","ping_status":"closed","template":"templates\/landing.php","meta":{"footnotes":""},"class_list":["post-65","page","type-page","status-publish","hentry","entry"],"yoast_head":"<!-- This site is optimized with the Yoast SEO plugin v26.8 - https:\/\/yoast.com\/product\/yoast-seo-wordpress\/ -->\n<title>Strona g\u0142\u00f3wna - Konrad Setkowicz Holding<\/title>\n<meta name=\"robots\" content=\"index, follow, max-snippet:-1, max-image-preview:large, max-video-preview:-1\" \/>\n<link rel=\"canonical\" href=\"http:\/\/setkowicz.eu\/\" \/>\n<meta property=\"og:locale\" content=\"pl_PL\" \/>\n<meta property=\"og:type\" content=\"article\" \/>\n<meta property=\"og:title\" content=\"Strona g\u0142\u00f3wna - Konrad Setkowicz Holding\" \/>\n<meta property=\"og:description\" content=\"ARTYKU\u0141Y KONTAKT SETKOWICZ HOLDING\" \/>\n<meta property=\"og:url\" content=\"http:\/\/setkowicz.eu\/\" \/>\n<meta property=\"og:site_name\" content=\"Konrad Setkowicz Holding\" \/>\n<meta property=\"article:modified_time\" content=\"2026-02-01T11:52:59+00:00\" \/>\n<meta property=\"og:image\" content=\"http:\/\/setkowicz.eu\/wp-content\/uploads\/2025\/05\/Herb1.png\" \/>\n<meta name=\"twitter:card\" content=\"summary_large_image\" \/>\n<meta name=\"twitter:label1\" content=\"Szacowany czas czytania\" \/>\n\t<meta name=\"twitter:data1\" content=\"1 minuta\" \/>\n<script type=\"application\/ld+json\" class=\"yoast-schema-graph\">{\"@context\":\"https:\/\/schema.org\",\"@graph\":[{\"@type\":\"WebPage\",\"@id\":\"http:\/\/setkowicz.eu\/\",\"url\":\"http:\/\/setkowicz.eu\/\",\"name\":\"Strona g\u0142\u00f3wna - Konrad Setkowicz Holding\",\"isPartOf\":{\"@id\":\"http:\/\/setkowicz.eu\/#website\"},\"primaryImageOfPage\":{\"@id\":\"http:\/\/setkowicz.eu\/#primaryimage\"},\"image\":{\"@id\":\"http:\/\/setkowicz.eu\/#primaryimage\"},\"thumbnailUrl\":\"http:\/\/setkowicz.eu\/wp-content\/uploads\/2025\/05\/Herb1.png\",\"datePublished\":\"2025-05-11T13:58:58+00:00\",\"dateModified\":\"2026-02-01T11:52:59+00:00\",\"breadcrumb\":{\"@id\":\"http:\/\/setkowicz.eu\/#breadcrumb\"},\"inLanguage\":\"pl-PL\",\"potentialAction\":[{\"@type\":\"ReadAction\",\"target\":[\"http:\/\/setkowicz.eu\/\"]}]},{\"@type\":\"ImageObject\",\"inLanguage\":\"pl-PL\",\"@id\":\"http:\/\/setkowicz.eu\/#primaryimage\",\"url\":\"https:\/\/setkowicz.eu\/wp-content\/uploads\/2025\/05\/Herb1.png\",\"contentUrl\":\"https:\/\/setkowicz.eu\/wp-content\/uploads\/2025\/05\/Herb1.png\",\"width\":384,\"height\":374},{\"@type\":\"BreadcrumbList\",\"@id\":\"http:\/\/setkowicz.eu\/#breadcrumb\",\"itemListElement\":[{\"@type\":\"ListItem\",\"position\":1,\"name\":\"Home\",\"item\":\"http:\/\/setkowicz.eu\/\"},{\"@type\":\"ListItem\",\"position\":2,\"name\":\"Strona g\u0142\u00f3wna\"}]},{\"@type\":\"WebSite\",\"@id\":\"http:\/\/setkowicz.eu\/#website\",\"url\":\"http:\/\/setkowicz.eu\/\",\"name\":\"Konrad Setkowicz Holding\",\"description\":\"\",\"publisher\":{\"@id\":\"http:\/\/setkowicz.eu\/#organization\"},\"potentialAction\":[{\"@type\":\"SearchAction\",\"target\":{\"@type\":\"EntryPoint\",\"urlTemplate\":\"http:\/\/setkowicz.eu\/?s={search_term_string}\"},\"query-input\":{\"@type\":\"PropertyValueSpecification\",\"valueRequired\":true,\"valueName\":\"search_term_string\"}}],\"inLanguage\":\"pl-PL\"},{\"@type\":\"Organization\",\"@id\":\"http:\/\/setkowicz.eu\/#organization\",\"name\":\"Konrad Setkowicz Holding\",\"url\":\"http:\/\/setkowicz.eu\/\",\"logo\":{\"@type\":\"ImageObject\",\"inLanguage\":\"pl-PL\",\"@id\":\"http:\/\/setkowicz.eu\/#\/schema\/logo\/image\/\",\"url\":\"https:\/\/setkowicz.eu\/wp-content\/uploads\/2025\/03\/Herb.png\",\"contentUrl\":\"https:\/\/setkowicz.eu\/wp-content\/uploads\/2025\/03\/Herb.png\",\"width\":384,\"height\":374,\"caption\":\"Konrad Setkowicz Holding\"},\"image\":{\"@id\":\"http:\/\/setkowicz.eu\/#\/schema\/logo\/image\/\"}}]}<\/script>\n<!-- \/ Yoast SEO plugin. -->","yoast_head_json":{"title":"Strona g\u0142\u00f3wna - Konrad Setkowicz Holding","robots":{"index":"index","follow":"follow","max-snippet":"max-snippet:-1","max-image-preview":"max-image-preview:large","max-video-preview":"max-video-preview:-1"},"canonical":"http:\/\/setkowicz.eu\/","og_locale":"pl_PL","og_type":"article","og_title":"Strona g\u0142\u00f3wna - Konrad Setkowicz Holding","og_description":"ARTYKU\u0141Y KONTAKT SETKOWICZ HOLDING","og_url":"http:\/\/setkowicz.eu\/","og_site_name":"Konrad Setkowicz Holding","article_modified_time":"2026-02-01T11:52:59+00:00","og_image":[{"url":"http:\/\/setkowicz.eu\/wp-content\/uploads\/2025\/05\/Herb1.png","type":"","width":"","height":""}],"twitter_card":"summary_large_image","twitter_misc":{"Szacowany czas czytania":"1 minuta"},"schema":{"@context":"https:\/\/schema.org","@graph":[{"@type":"WebPage","@id":"http:\/\/setkowicz.eu\/","url":"http:\/\/setkowicz.eu\/","name":"Strona g\u0142\u00f3wna - Konrad Setkowicz Holding","isPartOf":{"@id":"http:\/\/setkowicz.eu\/#website"},"primaryImageOfPage":{"@id":"http:\/\/setkowicz.eu\/#primaryimage"},"image":{"@id":"http:\/\/setkowicz.eu\/#primaryimage"},"thumbnailUrl":"http:\/\/setkowicz.eu\/wp-content\/uploads\/2025\/05\/Herb1.png","datePublished":"2025-05-11T13:58:58+00:00","dateModified":"2026-02-01T11:52:59+00:00","breadcrumb":{"@id":"http:\/\/setkowicz.eu\/#breadcrumb"},"inLanguage":"pl-PL","potentialAction":[{"@type":"ReadAction","target":["http:\/\/setkowicz.eu\/"]}]},{"@type":"ImageObject","inLanguage":"pl-PL","@id":"http:\/\/setkowicz.eu\/#primaryimage","url":"https:\/\/setkowicz.eu\/wp-content\/uploads\/2025\/05\/Herb1.png","contentUrl":"https:\/\/setkowicz.eu\/wp-content\/uploads\/2025\/05\/Herb1.png","width":384,"height":374},{"@type":"BreadcrumbList","@id":"http:\/\/setkowicz.eu\/#breadcrumb","itemListElement":[{"@type":"ListItem","position":1,"name":"Home","item":"http:\/\/setkowicz.eu\/"},{"@type":"ListItem","position":2,"name":"Strona g\u0142\u00f3wna"}]},{"@type":"WebSite","@id":"http:\/\/setkowicz.eu\/#website","url":"http:\/\/setkowicz.eu\/","name":"Konrad Setkowicz Holding","description":"","publisher":{"@id":"http:\/\/setkowicz.eu\/#organization"},"potentialAction":[{"@type":"SearchAction","target":{"@type":"EntryPoint","urlTemplate":"http:\/\/setkowicz.eu\/?s={search_term_string}"},"query-input":{"@type":"PropertyValueSpecification","valueRequired":true,"valueName":"search_term_string"}}],"inLanguage":"pl-PL"},{"@type":"Organization","@id":"http:\/\/setkowicz.eu\/#organization","name":"Konrad Setkowicz Holding","url":"http:\/\/setkowicz.eu\/","logo":{"@type":"ImageObject","inLanguage":"pl-PL","@id":"http:\/\/setkowicz.eu\/#\/schema\/logo\/image\/","url":"https:\/\/setkowicz.eu\/wp-content\/uploads\/2025\/03\/Herb.png","contentUrl":"https:\/\/setkowicz.eu\/wp-content\/uploads\/2025\/03\/Herb.png","width":384,"height":374,"caption":"Konrad Setkowicz Holding"},"image":{"@id":"http:\/\/setkowicz.eu\/#\/schema\/logo\/image\/"}}]}},"_links":{"self":[{"href":"https:\/\/setkowicz.eu\/index.php?rest_route=\/wp\/v2\/pages\/65","targetHints":{"allow":["GET"]}}],"collection":[{"href":"https:\/\/setkowicz.eu\/index.php?rest_route=\/wp\/v2\/pages"}],"about":[{"href":"https:\/\/setkowicz.eu\/index.php?rest_route=\/wp\/v2\/types\/page"}],"author":[{"embeddable":true,"href":"https:\/\/setkowicz.eu\/index.php?rest_route=\/wp\/v2\/users\/1"}],"replies":[{"embeddable":true,"href":"https:\/\/setkowicz.eu\/index.php?rest_route=%2Fwp%2Fv2%2Fcomments&post=65"}],"version-history":[{"count":95,"href":"https:\/\/setkowicz.eu\/index.php?rest_route=\/wp\/v2\/pages\/65\/revisions"}],"predecessor-version":[{"id":219,"href":"https:\/\/setkowicz.eu\/index.php?rest_route=\/wp\/v2\/pages\/65\/revisions\/219"}],"wp:attachment":[{"href":"https:\/\/setkowicz.eu\/index.php?rest_route=%2Fwp%2Fv2%2Fmedia&parent=65"}],"curies":[{"name":"wp","href":"https:\/\/api.w.org\/{rel}","templated":true}]}}